{"id":5633,"date":"2023-07-21T14:10:13","date_gmt":"2023-07-21T14:10:13","guid":{"rendered":"https:\/\/www.bionicdogtoys.com\/product\/baton\/"},"modified":"2025-12-22T12:17:07","modified_gmt":"2025-12-22T12:17:07","slug":"baton","status":"publish","type":"product","link":"https:\/\/www.bionicdogtoys.com\/frca\/product\/baton\/","title":{"rendered":"B\u00c2TON"},"content":{"rendered":"<p><strong><img fetchpriority=\"high\" decoding=\"async\" class=\"alignleft wp-image-1994\" src=\"https:\/\/www.bionicdogtoys.com\/wp-content\/uploads\/2023\/10\/Bionic_Urban_Stick_Orange_SM_5-French.jpg\" alt=\"\" width=\"440\" height=\"512\" \/><\/strong><\/p>\n<p><img decoding=\"async\" class=\"alignnone wp-image-3063\" src=\"https:\/\/www.bionicdogtoys.com\/wp-content\/uploads\/2023\/11\/material-safety-icons-french_23-v2-300x103.png\" alt=\"\" width=\"268\" height=\"92\" srcset=\"https:\/\/www.bionicdogtoys.com\/wp-content\/uploads\/2023\/11\/material-safety-icons-french_23-v2-300x103.png 300w, https:\/\/www.bionicdogtoys.com\/wp-content\/uploads\/2023\/11\/material-safety-icons-french_23-v2.png 320w\" sizes=\"(max-width: 268px) 100vw, 268px\" \/> <img decoding=\"async\" class=\"alignnone wp-image-2464\" src=\"https:\/\/www.bionicdogtoys.com\/wp-content\/uploads\/2023\/10\/material-use-icons-1-french.png\" alt=\"\" width=\"268\" height=\"92\" \/><\/p>\n<p><strong>CAOUTCHOUC BIONIC RUBBER <\/strong> : Les produits BIONIC sont faits avec du caoutchouc BIONIC RUBBER ultrarobuste et exclusif. De plus, ils sont con\u00e7us, fabriqu\u00e9s et test\u00e9s pour la qualit\u00e9 aux \u00c9tats-Unis. En plus d\u2019\u00eatre exempt de substances nocives comme le plomb, le BPA et les phtalates, le caoutchouc BIONIC RUBBER est test\u00e9 pour la durabilit\u00e9 dans un laboratoire am\u00e9ricain avec la norme internationale ISO\/IEC et certifi\u00e9 NADCAP.<\/p>\n<p><strong>PLUS DE DIVERTISSEMENT<\/strong> : Contrairement aux jouets \u00e0 remplir et \u00e0 m\u00e2cher traditionnels, le b\u00e2ton BIONIC est muni d\u2019un double compartiment \u00e0 remplir des g\u00e2teries favorites de votre chien pour le garder heureux et diverti pendant les s\u00e9ances de m\u00e2chonnement.<\/p>\n<p><strong>JEU DURABLE ET S\u00dbR :<\/strong> Le b\u00e2ton BIONIC offre une texture que les chiens adorent. La g\u00e9om\u00e9trie d\u00e9fensive brevet\u00e9e est con\u00e7ue pour rediriger et disperser la force de la m\u00e2choire des chiens pour davantage de durabilit\u00e9. Le jouet peut rebondir et flotter, ce qui le rend id\u00e9al pour jouer \u00e0 rapporter, \u00e0 tirer et les s\u00e9ances de jeu \u00e0 l\u2019ext\u00e9rieur.<\/p>\n<p><strong>FACILE \u00c0 NETTOYER <\/strong> : Ce jouet va au lave-vaisselle. Placez-le dans le panier sup\u00e9rieur pour un nettoyage rapide et facile, et pour un m\u00e2chonnement sain.<\/p>\n<p><strong>CONSEIL BIONIC<\/strong> : Remplir les extr\u00e9mit\u00e9s de beurre d\u2019arachide et mettre au cong\u00e9lateur pour prolonger le temps de m\u00e2chonnement.<\/p>\n<p>Toujours surveiller son chien lorsqu\u2019il utilise tout type de jouet. V\u00e9rifier r\u00e9guli\u00e8rement les jouets. Si le jouet est d\u00e9t\u00e9rior\u00e9, ou si des morceaux se d\u00e9tachent, l\u2019enlever \u00e0 son animal et le remplacer, car de graves blessures peuvent s\u2019ensuivre. Ce jouet est destin\u00e9 seulement aux animaux de compagnie.<\/p>\n","protected":false},"excerpt":{"rendered":"<p>&nbsp;<\/p>\n<h5>Le b\u00e2ton, r\u00e9invent\u00e9.<\/h5>\n<p>Le b\u00e2ton BIONIC est un jouet \u00e0 m\u00e2cher interactif pour chiens que l\u2019on peut remplir de g\u00e2teries et qui r\u00e9siste aux m\u00e2cheurs les plus acharn\u00e9s. Puisqu\u2019il est muni d\u2019un double compartiment \u00e0 g\u00e2teries, le jouet double le plaisir de m\u00e2chonner et le divertissement en plus de garder votre chien heureux. Gr\u00e2ce \u00e0 sa g\u00e9om\u00e9trie d\u00e9fensive brevet\u00e9e et au caoutchouc BIONIC RUBBER dont il est fait, le b\u00e2ton BIONIC offre une durabilit\u00e9 in\u00e9gal\u00e9e pour les m\u00e2cheurs acharn\u00e9s.<\/p>\n","protected":false},"featured_media":5634,"template":"","meta":{"inline_featured_image":false},"product_brand":[],"product_cat":[148],"product_tag":[],"class_list":{"0":"post-5633","1":"product","2":"type-product","3":"status-publish","4":"has-post-thumbnail","6":"product_cat-magasiner-frca","8":"first","9":"instock","10":"shipping-taxable","11":"purchasable","12":"product-type-variable","13":"has-default-attributes"},"yoast_head":"<!-- This site is optimized with the Yoast SEO plugin v27.0 - https:\/\/yoast.com\/product\/yoast-seo-wordpress\/ -->\n<title>B\u00c2TON Jouet pour chien durable | Jouet \u00e0 m\u00e2cher r\u00e9sistant et s\u00e9curitaire | BIONIC\u00ae<\/title>\n<meta name=\"description\" content=\"Le B\u00c2TON est un jouet pour chien r\u00e9sistant, con\u00e7u pour les chiens qui aiment m\u00e2cher. Fabriqu\u00e9 en caoutchouc BIONIC Rubber\u00ae, il est non toxique, lavable au lave-vaisselle et durable.\" \/>\n<meta name=\"robots\" content=\"index, follow, max-snippet:-1, max-image-preview:large, max-video-preview:-1\" \/>\n<link rel=\"canonical\" href=\"https:\/\/www.bionicdogtoys.com\/frca\/product\/baton\/\" \/>\n<meta property=\"og:locale\" content=\"fr_CA\" \/>\n<meta property=\"og:type\" content=\"article\" \/>\n<meta property=\"og:title\" content=\"B\u00c2TON Jouet pour chien durable | Jouet \u00e0 m\u00e2cher r\u00e9sistant et s\u00e9curitaire | BIONIC\u00ae\" \/>\n<meta property=\"og:description\" content=\"Le B\u00c2TON est un jouet pour chien r\u00e9sistant, con\u00e7u pour les chiens qui aiment m\u00e2cher. Fabriqu\u00e9 en caoutchouc BIONIC Rubber\u00ae, il est non toxique, lavable au lave-vaisselle et durable.\" \/>\n<meta property=\"og:url\" content=\"https:\/\/www.bionicdogtoys.com\/frca\/product\/baton\/\" \/>\n<meta property=\"og:site_name\" content=\"BIONIC\u00ae Dog Toys\" \/>\n<meta property=\"article:publisher\" content=\"https:\/\/www.facebook.com\/bionicdogtoys\" \/>\n<meta property=\"article:modified_time\" content=\"2025-12-22T12:17:07+00:00\" \/>\n<meta property=\"og:image\" content=\"https:\/\/www.bionicdogtoys.com\/wp-content\/uploads\/2023\/07\/Urban-Stick_angle_M_97802.jpg\" \/>\n\t<meta property=\"og:image:width\" content=\"1000\" \/>\n\t<meta property=\"og:image:height\" content=\"875\" \/>\n\t<meta property=\"og:image:type\" content=\"image\/jpeg\" \/>\n<meta name=\"twitter:card\" content=\"summary_large_image\" \/>\n<meta name=\"twitter:site\" content=\"@BionicDogToys\" \/>\n<meta name=\"twitter:label1\" content=\"Estimation du temps de lecture\" \/>\n\t<meta name=\"twitter:data1\" content=\"2 minutes\" \/>\n<script type=\"application\/ld+json\" class=\"yoast-schema-graph\">{\"@context\":\"https:\/\/schema.org\",\"@graph\":[{\"@type\":\"WebPage\",\"@id\":\"https:\/\/www.bionicdogtoys.com\/frca\/product\/baton\/\",\"url\":\"https:\/\/www.bionicdogtoys.com\/frca\/product\/baton\/\",\"name\":\"B\u00c2TON Jouet pour chien durable | Jouet \u00e0 m\u00e2cher r\u00e9sistant et s\u00e9curitaire | BIONIC\u00ae\",\"isPartOf\":{\"@id\":\"https:\/\/www.bionicdogtoys.com\/frca\/#website\"},\"primaryImageOfPage\":{\"@id\":\"https:\/\/www.bionicdogtoys.com\/frca\/product\/baton\/#primaryimage\"},\"image\":{\"@id\":\"https:\/\/www.bionicdogtoys.com\/frca\/product\/baton\/#primaryimage\"},\"thumbnailUrl\":\"https:\/\/www.bionicdogtoys.com\/wp-content\/uploads\/2023\/07\/Urban-Stick_angle_M_97802.jpg\",\"datePublished\":\"2023-07-21T14:10:13+00:00\",\"dateModified\":\"2025-12-22T12:17:07+00:00\",\"description\":\"Le B\u00c2TON est un jouet pour chien r\u00e9sistant, con\u00e7u pour les chiens qui aiment m\u00e2cher. Fabriqu\u00e9 en caoutchouc BIONIC Rubber\u00ae, il est non toxique, lavable au lave-vaisselle et durable.\",\"breadcrumb\":{\"@id\":\"https:\/\/www.bionicdogtoys.com\/frca\/product\/baton\/#breadcrumb\"},\"inLanguage\":\"fr-CA\",\"potentialAction\":[{\"@type\":\"ReadAction\",\"target\":[\"https:\/\/www.bionicdogtoys.com\/frca\/product\/baton\/\"]}]},{\"@type\":\"ImageObject\",\"inLanguage\":\"fr-CA\",\"@id\":\"https:\/\/www.bionicdogtoys.com\/frca\/product\/baton\/#primaryimage\",\"url\":\"https:\/\/www.bionicdogtoys.com\/wp-content\/uploads\/2023\/07\/Urban-Stick_angle_M_97802.jpg\",\"contentUrl\":\"https:\/\/www.bionicdogtoys.com\/wp-content\/uploads\/2023\/07\/Urban-Stick_angle_M_97802.jpg\",\"width\":1000,\"height\":875},{\"@type\":\"BreadcrumbList\",\"@id\":\"https:\/\/www.bionicdogtoys.com\/frca\/product\/baton\/#breadcrumb\",\"itemListElement\":[{\"@type\":\"ListItem\",\"position\":1,\"name\":\"Home\",\"item\":\"https:\/\/www.bionicdogtoys.com\/frca\/\"},{\"@type\":\"ListItem\",\"position\":2,\"name\":\"Test Shop\",\"item\":\"https:\/\/www.bionicdogtoys.com\/test-shop\/\"},{\"@type\":\"ListItem\",\"position\":3,\"name\":\"B\u00c2TON\"}]},{\"@type\":\"WebSite\",\"@id\":\"https:\/\/www.bionicdogtoys.com\/frca\/#website\",\"url\":\"https:\/\/www.bionicdogtoys.com\/frca\/\",\"name\":\"BIONIC\u00ae Dog Toys\",\"description\":\"Shop dog toys, chew toys, durable dog toys | San Diego\",\"publisher\":{\"@id\":\"https:\/\/www.bionicdogtoys.com\/frca\/#organization\"},\"potentialAction\":[{\"@type\":\"SearchAction\",\"target\":{\"@type\":\"EntryPoint\",\"urlTemplate\":\"https:\/\/www.bionicdogtoys.com\/frca\/?s={search_term_string}\"},\"query-input\":{\"@type\":\"PropertyValueSpecification\",\"valueRequired\":true,\"valueName\":\"search_term_string\"}}],\"inLanguage\":\"fr-CA\"},{\"@type\":\"Organization\",\"@id\":\"https:\/\/www.bionicdogtoys.com\/frca\/#organization\",\"name\":\"BIONIC\u00ae Dog Toys\",\"url\":\"https:\/\/www.bionicdogtoys.com\/frca\/\",\"logo\":{\"@type\":\"ImageObject\",\"inLanguage\":\"fr-CA\",\"@id\":\"https:\/\/www.bionicdogtoys.com\/frca\/#\/schema\/logo\/image\/\",\"url\":\"https:\/\/www.bionicdogtoys.com\/wp-content\/uploads\/2023\/07\/bionic-logo.svg\",\"contentUrl\":\"https:\/\/www.bionicdogtoys.com\/wp-content\/uploads\/2023\/07\/bionic-logo.svg\",\"caption\":\"BIONIC\u00ae Dog Toys\"},\"image\":{\"@id\":\"https:\/\/www.bionicdogtoys.com\/frca\/#\/schema\/logo\/image\/\"},\"sameAs\":[\"https:\/\/www.facebook.com\/bionicdogtoys\",\"https:\/\/x.com\/BionicDogToys\",\"https:\/\/www.youtube.com\/@bionicdogtoys\",\"https:\/\/www.instagram.com\/bionicdogtoys\"]}]}<\/script>\n<!-- \/ Yoast SEO plugin. -->","yoast_head_json":{"title":"B\u00c2TON Jouet pour chien durable | Jouet \u00e0 m\u00e2cher r\u00e9sistant et s\u00e9curitaire | BIONIC\u00ae","description":"Le B\u00c2TON est un jouet pour chien r\u00e9sistant, con\u00e7u pour les chiens qui aiment m\u00e2cher. Fabriqu\u00e9 en caoutchouc BIONIC Rubber\u00ae, il est non toxique, lavable au lave-vaisselle et durable.","robots":{"index":"index","follow":"follow","max-snippet":"max-snippet:-1","max-image-preview":"max-image-preview:large","max-video-preview":"max-video-preview:-1"},"canonical":"https:\/\/www.bionicdogtoys.com\/frca\/product\/baton\/","og_locale":"fr_CA","og_type":"article","og_title":"B\u00c2TON Jouet pour chien durable | Jouet \u00e0 m\u00e2cher r\u00e9sistant et s\u00e9curitaire | BIONIC\u00ae","og_description":"Le B\u00c2TON est un jouet pour chien r\u00e9sistant, con\u00e7u pour les chiens qui aiment m\u00e2cher. Fabriqu\u00e9 en caoutchouc BIONIC Rubber\u00ae, il est non toxique, lavable au lave-vaisselle et durable.","og_url":"https:\/\/www.bionicdogtoys.com\/frca\/product\/baton\/","og_site_name":"BIONIC\u00ae Dog Toys","article_publisher":"https:\/\/www.facebook.com\/bionicdogtoys","article_modified_time":"2025-12-22T12:17:07+00:00","og_image":[{"width":1000,"height":875,"url":"https:\/\/www.bionicdogtoys.com\/wp-content\/uploads\/2023\/07\/Urban-Stick_angle_M_97802.jpg","type":"image\/jpeg"}],"twitter_card":"summary_large_image","twitter_site":"@BionicDogToys","twitter_misc":{"Estimation du temps de lecture":"2 minutes"},"schema":{"@context":"https:\/\/schema.org","@graph":[{"@type":"WebPage","@id":"https:\/\/www.bionicdogtoys.com\/frca\/product\/baton\/","url":"https:\/\/www.bionicdogtoys.com\/frca\/product\/baton\/","name":"B\u00c2TON Jouet pour chien durable | Jouet \u00e0 m\u00e2cher r\u00e9sistant et s\u00e9curitaire | BIONIC\u00ae","isPartOf":{"@id":"https:\/\/www.bionicdogtoys.com\/frca\/#website"},"primaryImageOfPage":{"@id":"https:\/\/www.bionicdogtoys.com\/frca\/product\/baton\/#primaryimage"},"image":{"@id":"https:\/\/www.bionicdogtoys.com\/frca\/product\/baton\/#primaryimage"},"thumbnailUrl":"https:\/\/www.bionicdogtoys.com\/wp-content\/uploads\/2023\/07\/Urban-Stick_angle_M_97802.jpg","datePublished":"2023-07-21T14:10:13+00:00","dateModified":"2025-12-22T12:17:07+00:00","description":"Le B\u00c2TON est un jouet pour chien r\u00e9sistant, con\u00e7u pour les chiens qui aiment m\u00e2cher. Fabriqu\u00e9 en caoutchouc BIONIC Rubber\u00ae, il est non toxique, lavable au lave-vaisselle et durable.","breadcrumb":{"@id":"https:\/\/www.bionicdogtoys.com\/frca\/product\/baton\/#breadcrumb"},"inLanguage":"fr-CA","potentialAction":[{"@type":"ReadAction","target":["https:\/\/www.bionicdogtoys.com\/frca\/product\/baton\/"]}]},{"@type":"ImageObject","inLanguage":"fr-CA","@id":"https:\/\/www.bionicdogtoys.com\/frca\/product\/baton\/#primaryimage","url":"https:\/\/www.bionicdogtoys.com\/wp-content\/uploads\/2023\/07\/Urban-Stick_angle_M_97802.jpg","contentUrl":"https:\/\/www.bionicdogtoys.com\/wp-content\/uploads\/2023\/07\/Urban-Stick_angle_M_97802.jpg","width":1000,"height":875},{"@type":"BreadcrumbList","@id":"https:\/\/www.bionicdogtoys.com\/frca\/product\/baton\/#breadcrumb","itemListElement":[{"@type":"ListItem","position":1,"name":"Home","item":"https:\/\/www.bionicdogtoys.com\/frca\/"},{"@type":"ListItem","position":2,"name":"Test Shop","item":"https:\/\/www.bionicdogtoys.com\/test-shop\/"},{"@type":"ListItem","position":3,"name":"B\u00c2TON"}]},{"@type":"WebSite","@id":"https:\/\/www.bionicdogtoys.com\/frca\/#website","url":"https:\/\/www.bionicdogtoys.com\/frca\/","name":"BIONIC\u00ae Dog Toys","description":"Shop dog toys, chew toys, durable dog toys | San Diego","publisher":{"@id":"https:\/\/www.bionicdogtoys.com\/frca\/#organization"},"potentialAction":[{"@type":"SearchAction","target":{"@type":"EntryPoint","urlTemplate":"https:\/\/www.bionicdogtoys.com\/frca\/?s={search_term_string}"},"query-input":{"@type":"PropertyValueSpecification","valueRequired":true,"valueName":"search_term_string"}}],"inLanguage":"fr-CA"},{"@type":"Organization","@id":"https:\/\/www.bionicdogtoys.com\/frca\/#organization","name":"BIONIC\u00ae Dog Toys","url":"https:\/\/www.bionicdogtoys.com\/frca\/","logo":{"@type":"ImageObject","inLanguage":"fr-CA","@id":"https:\/\/www.bionicdogtoys.com\/frca\/#\/schema\/logo\/image\/","url":"https:\/\/www.bionicdogtoys.com\/wp-content\/uploads\/2023\/07\/bionic-logo.svg","contentUrl":"https:\/\/www.bionicdogtoys.com\/wp-content\/uploads\/2023\/07\/bionic-logo.svg","caption":"BIONIC\u00ae Dog Toys"},"image":{"@id":"https:\/\/www.bionicdogtoys.com\/frca\/#\/schema\/logo\/image\/"},"sameAs":["https:\/\/www.facebook.com\/bionicdogtoys","https:\/\/x.com\/BionicDogToys","https:\/\/www.youtube.com\/@bionicdogtoys","https:\/\/www.instagram.com\/bionicdogtoys"]}]}},"_links":{"self":[{"href":"https:\/\/www.bionicdogtoys.com\/frca\/wp-json\/wp\/v2\/product\/5633","targetHints":{"allow":["GET"]}}],"collection":[{"href":"https:\/\/www.bionicdogtoys.com\/frca\/wp-json\/wp\/v2\/product"}],"about":[{"href":"https:\/\/www.bionicdogtoys.com\/frca\/wp-json\/wp\/v2\/types\/product"}],"wp:featuredmedia":[{"embeddable":true,"href":"https:\/\/www.bionicdogtoys.com\/frca\/wp-json\/wp\/v2\/media\/5634"}],"wp:attachment":[{"href":"https:\/\/www.bionicdogtoys.com\/frca\/wp-json\/wp\/v2\/media?parent=5633"}],"wp:term":[{"taxonomy":"product_brand","embeddable":true,"href":"https:\/\/www.bionicdogtoys.com\/frca\/wp-json\/wp\/v2\/product_brand?post=5633"},{"taxonomy":"product_cat","embeddable":true,"href":"https:\/\/www.bionicdogtoys.com\/frca\/wp-json\/wp\/v2\/product_cat?post=5633"},{"taxonomy":"product_tag","embeddable":true,"href":"https:\/\/www.bionicdogtoys.com\/frca\/wp-json\/wp\/v2\/product_tag?post=5633"}],"curies":[{"name":"wp","href":"https:\/\/api.w.org\/{rel}","templated":true}]}}