{"id":5561,"date":"2023-07-21T18:00:08","date_gmt":"2023-07-21T18:00:08","guid":{"rendered":"https:\/\/www.bionicdogtoys.com\/product\/anneau-toss-n-tug\/"},"modified":"2025-12-22T12:15:39","modified_gmt":"2025-12-22T12:15:39","slug":"anneau-toss-n-tug","status":"publish","type":"product","link":"https:\/\/www.bionicdogtoys.com\/frca\/product\/anneau-toss-n-tug\/","title":{"rendered":"ANNEAU TOSS-N-TUG"},"content":{"rendered":"<p><img fetchpriority=\"high\" decoding=\"async\" class=\"wp-image-2307 alignleft\" src=\"https:\/\/www.bionicdogtoys.com\/wp-content\/uploads\/2023\/07\/bionic-toss-n-tug-2-300x273.jpg\" alt=\"\" width=\"440\" height=\"400\" srcset=\"https:\/\/www.bionicdogtoys.com\/wp-content\/uploads\/2023\/07\/bionic-toss-n-tug-2-300x273.jpg 300w, https:\/\/www.bionicdogtoys.com\/wp-content\/uploads\/2023\/07\/bionic-toss-n-tug-2-600x545.jpg 600w, https:\/\/www.bionicdogtoys.com\/wp-content\/uploads\/2023\/07\/bionic-toss-n-tug-2.jpg 734w\" sizes=\"(max-width: 440px) 100vw, 440px\" \/><\/p>\n<p><img decoding=\"async\" class=\"alignnone wp-image-3063\" src=\"https:\/\/www.bionicdogtoys.com\/wp-content\/uploads\/2023\/11\/material-safety-icons-french_23-v2-300x103.png\" alt=\"\" width=\"262\" height=\"90\" srcset=\"https:\/\/www.bionicdogtoys.com\/wp-content\/uploads\/2023\/11\/material-safety-icons-french_23-v2-300x103.png 300w, https:\/\/www.bionicdogtoys.com\/wp-content\/uploads\/2023\/11\/material-safety-icons-french_23-v2.png 320w\" sizes=\"(max-width: 262px) 100vw, 262px\" \/> <img decoding=\"async\" class=\"alignnone wp-image-2464\" src=\"https:\/\/www.bionicdogtoys.com\/wp-content\/uploads\/2023\/10\/material-use-icons-1-french.png\" alt=\"\" width=\"259\" height=\"89\" \/><\/p>\n<p><strong>CAOUTCHOUC BIONIC RUBBER <\/strong>: Les produits BIONIC sont faits avec du caoutchouc BIONIC RUBBER ultrarobuste et exclusif. De plus, ils sont con\u00e7us, fabriqu\u00e9s et test\u00e9s pour la qualit\u00e9 aux \u00c9tats-Unis. En plus d\u2019\u00eatre exempt de substances nocives comme le plomb, le BPA et les phtalates, le caoutchouc BIONIC RUBBER est test\u00e9 pour la durabilit\u00e9 dans un laboratoire am\u00e9ricain avec la norme internationale ISO\/IEC et certifi\u00e9 NADCAP.<\/p>\n<p><strong>MULTI-ACTIONS<\/strong> <strong>:<\/strong> L\u2019anneau Toss-N-Tug BIONIC est le jouet multi-actions par excellence pour chiens! Il permet \u00e0 toutou de jouer \u00e0 rapporter et \u00e0 tirer pendant des heures. De plus, le populaire anneau Toss-N-Tug roule bien, ce qui le rend amusant \u00e0 pourchasser pendant des heures de plaisir.<\/p>\n<p><strong>PLUS D\u2019UNE FA\u00c7ON DE JOUER :<\/strong> Cet anneau durable est hautement visible par sa couleur orange BIONIC et flotte sur l\u2019eau pour que votre chien puisse jouer \u00e0 rapporter n\u2019importe o\u00f9! Ce jouet peut rouler, rebondir et flotter; il est parfait pour le jeu \u00e0 l\u2019int\u00e9rieur comme \u00e0 l\u2019ext\u00e9rieur, ainsi que dans l\u2019eau.<\/p>\n<p><strong>FACILE \u00c0 NETTOYER<\/strong> : Ce jouet va au lave-vaisselle. Placez-le dans le panier sup\u00e9rieur pour un nettoyage rapide et facile, et pour que l\u2019heure de jeu reste saine.<\/p>\n<p><strong>CONSEIL BIONIC<\/strong> : L\u2019anneau Toss-N-Tug n\u2019est pas un jouet \u00e0 m\u00e2cher. Il est con\u00e7u pour \u00eatre lanc\u00e9 et pour jouer \u00e0 rapporter; il est donc tr\u00e8s l\u00e9ger. Si votre chien est un m\u00e2cheur acharn\u00e9, essayez les b\u00e2tons ou les os, lesquels sont robustes et lourds et munis de la g\u00e9om\u00e9trie d\u00e9fensive brevet\u00e9e BIONIC con\u00e7ue pour survivre aux styles de jeu les plus intenses.<\/p>\n<p>Toujours surveiller son chien lorsqu\u2019il utilise tout type de jouet. V\u00e9rifier r\u00e9guli\u00e8rement les jouets. Si le jouet est d\u00e9t\u00e9rior\u00e9, ou si des morceaux se d\u00e9tachent, l\u2019enlever \u00e0 son animal et le remplacer, car de graves blessures peuvent s\u2019ensuivre. Ce jouet est destin\u00e9 seulement aux animaux de compagnie.<\/p>\n","protected":false},"excerpt":{"rendered":"<p>&nbsp;<\/p>\n<h5>Plus d\u2019une fa\u00e7on de jouer.<\/h5>\n<p>L\u2019anneau Toss-N-Tug BIONIC se d\u00e9marque comme jouet multi-actions par excellence pour chiens et permet \u00e0 toutou de jouer \u00e0 rapporter et \u00e0 tirer pendant des heures. De plus, il roule bien, ce qui le rend amusant \u00e0 pourchasser pendant des heures de plaisir. Cet anneau durable est hautement visible par sa couleur orange BIONIC et flotte sur l\u2019eau, au grand bonheur de votre chien.<\/p>\n<p>Taille unique.<\/p>\n<p>Art.: 97810<\/p>\n","protected":false},"featured_media":5562,"template":"","meta":{"inline_featured_image":false},"product_brand":[],"product_cat":[148],"product_tag":[],"class_list":{"0":"post-5561","1":"product","2":"type-product","3":"status-publish","4":"has-post-thumbnail","6":"product_cat-magasiner-frca","8":"first","9":"instock","10":"sale","11":"shipping-taxable","12":"purchasable","13":"product-type-simple"},"yoast_head":"<!-- This site is optimized with the Yoast SEO plugin v27.0 - https:\/\/yoast.com\/product\/yoast-seo-wordpress\/ -->\n<title>ANNEAU TOSS-N-TUG Jouet pour chien durable | Jouet \u00e0 m\u00e2cher r\u00e9sistant et s\u00e9curitaire | BIONIC\u00ae<\/title>\n<meta name=\"description\" content=\"Le ANNEAU TOSS-N-TUG est un jouet pour chien r\u00e9sistant, con\u00e7u pour les chiens qui aiment m\u00e2cher. Fabriqu\u00e9 en caoutchouc BIONIC Rubber\u00ae, il est non toxique, lavable au lave-vaisselle et durable.\" \/>\n<meta name=\"robots\" content=\"index, follow, max-snippet:-1, max-image-preview:large, max-video-preview:-1\" \/>\n<link rel=\"canonical\" href=\"https:\/\/www.bionicdogtoys.com\/frca\/product\/anneau-toss-n-tug\/\" \/>\n<meta property=\"og:locale\" content=\"fr_CA\" \/>\n<meta property=\"og:type\" content=\"article\" \/>\n<meta property=\"og:title\" content=\"ANNEAU TOSS-N-TUG Jouet pour chien durable | Jouet \u00e0 m\u00e2cher r\u00e9sistant et s\u00e9curitaire | BIONIC\u00ae\" \/>\n<meta property=\"og:description\" content=\"Le ANNEAU TOSS-N-TUG est un jouet pour chien r\u00e9sistant, con\u00e7u pour les chiens qui aiment m\u00e2cher. Fabriqu\u00e9 en caoutchouc BIONIC Rubber\u00ae, il est non toxique, lavable au lave-vaisselle et durable.\" \/>\n<meta property=\"og:url\" content=\"https:\/\/www.bionicdogtoys.com\/frca\/product\/anneau-toss-n-tug\/\" \/>\n<meta property=\"og:site_name\" content=\"BIONIC\u00ae Dog Toys\" \/>\n<meta property=\"article:publisher\" content=\"https:\/\/www.facebook.com\/bionicdogtoys\" \/>\n<meta property=\"article:modified_time\" content=\"2025-12-22T12:15:39+00:00\" \/>\n<meta property=\"og:image\" content=\"https:\/\/www.bionicdogtoys.com\/wp-content\/uploads\/2024\/06\/Toss-N-tug-front_97810-4.jpg\" \/>\n\t<meta property=\"og:image:width\" content=\"800\" \/>\n\t<meta property=\"og:image:height\" content=\"800\" \/>\n\t<meta property=\"og:image:type\" content=\"image\/jpeg\" \/>\n<meta name=\"twitter:card\" content=\"summary_large_image\" \/>\n<meta name=\"twitter:site\" content=\"@BionicDogToys\" \/>\n<meta name=\"twitter:label1\" content=\"Estimation du temps de lecture\" \/>\n\t<meta name=\"twitter:data1\" content=\"3 minutes\" \/>\n<script type=\"application\/ld+json\" class=\"yoast-schema-graph\">{\"@context\":\"https:\/\/schema.org\",\"@graph\":[{\"@type\":\"WebPage\",\"@id\":\"https:\/\/www.bionicdogtoys.com\/frca\/product\/anneau-toss-n-tug\/\",\"url\":\"https:\/\/www.bionicdogtoys.com\/frca\/product\/anneau-toss-n-tug\/\",\"name\":\"ANNEAU TOSS-N-TUG Jouet pour chien durable | Jouet \u00e0 m\u00e2cher r\u00e9sistant et s\u00e9curitaire | BIONIC\u00ae\",\"isPartOf\":{\"@id\":\"https:\/\/www.bionicdogtoys.com\/frca\/#website\"},\"primaryImageOfPage\":{\"@id\":\"https:\/\/www.bionicdogtoys.com\/frca\/product\/anneau-toss-n-tug\/#primaryimage\"},\"image\":{\"@id\":\"https:\/\/www.bionicdogtoys.com\/frca\/product\/anneau-toss-n-tug\/#primaryimage\"},\"thumbnailUrl\":\"https:\/\/www.bionicdogtoys.com\/wp-content\/uploads\/2024\/06\/Toss-N-tug-front_97810-4.jpg\",\"datePublished\":\"2023-07-21T18:00:08+00:00\",\"dateModified\":\"2025-12-22T12:15:39+00:00\",\"description\":\"Le ANNEAU TOSS-N-TUG est un jouet pour chien r\u00e9sistant, con\u00e7u pour les chiens qui aiment m\u00e2cher. Fabriqu\u00e9 en caoutchouc BIONIC Rubber\u00ae, il est non toxique, lavable au lave-vaisselle et durable.\",\"breadcrumb\":{\"@id\":\"https:\/\/www.bionicdogtoys.com\/frca\/product\/anneau-toss-n-tug\/#breadcrumb\"},\"inLanguage\":\"fr-CA\",\"potentialAction\":[{\"@type\":\"ReadAction\",\"target\":[\"https:\/\/www.bionicdogtoys.com\/frca\/product\/anneau-toss-n-tug\/\"]}]},{\"@type\":\"ImageObject\",\"inLanguage\":\"fr-CA\",\"@id\":\"https:\/\/www.bionicdogtoys.com\/frca\/product\/anneau-toss-n-tug\/#primaryimage\",\"url\":\"https:\/\/www.bionicdogtoys.com\/wp-content\/uploads\/2024\/06\/Toss-N-tug-front_97810-4.jpg\",\"contentUrl\":\"https:\/\/www.bionicdogtoys.com\/wp-content\/uploads\/2024\/06\/Toss-N-tug-front_97810-4.jpg\",\"width\":800,\"height\":800},{\"@type\":\"BreadcrumbList\",\"@id\":\"https:\/\/www.bionicdogtoys.com\/frca\/product\/anneau-toss-n-tug\/#breadcrumb\",\"itemListElement\":[{\"@type\":\"ListItem\",\"position\":1,\"name\":\"Home\",\"item\":\"https:\/\/www.bionicdogtoys.com\/frca\/\"},{\"@type\":\"ListItem\",\"position\":2,\"name\":\"Test Shop\",\"item\":\"https:\/\/www.bionicdogtoys.com\/test-shop\/\"},{\"@type\":\"ListItem\",\"position\":3,\"name\":\"ANNEAU TOSS-N-TUG\"}]},{\"@type\":\"WebSite\",\"@id\":\"https:\/\/www.bionicdogtoys.com\/frca\/#website\",\"url\":\"https:\/\/www.bionicdogtoys.com\/frca\/\",\"name\":\"BIONIC\u00ae Dog Toys\",\"description\":\"Shop dog toys, chew toys, durable dog toys | San Diego\",\"publisher\":{\"@id\":\"https:\/\/www.bionicdogtoys.com\/frca\/#organization\"},\"potentialAction\":[{\"@type\":\"SearchAction\",\"target\":{\"@type\":\"EntryPoint\",\"urlTemplate\":\"https:\/\/www.bionicdogtoys.com\/frca\/?s={search_term_string}\"},\"query-input\":{\"@type\":\"PropertyValueSpecification\",\"valueRequired\":true,\"valueName\":\"search_term_string\"}}],\"inLanguage\":\"fr-CA\"},{\"@type\":\"Organization\",\"@id\":\"https:\/\/www.bionicdogtoys.com\/frca\/#organization\",\"name\":\"BIONIC\u00ae Dog Toys\",\"url\":\"https:\/\/www.bionicdogtoys.com\/frca\/\",\"logo\":{\"@type\":\"ImageObject\",\"inLanguage\":\"fr-CA\",\"@id\":\"https:\/\/www.bionicdogtoys.com\/frca\/#\/schema\/logo\/image\/\",\"url\":\"https:\/\/www.bionicdogtoys.com\/wp-content\/uploads\/2023\/07\/bionic-logo.svg\",\"contentUrl\":\"https:\/\/www.bionicdogtoys.com\/wp-content\/uploads\/2023\/07\/bionic-logo.svg\",\"caption\":\"BIONIC\u00ae Dog Toys\"},\"image\":{\"@id\":\"https:\/\/www.bionicdogtoys.com\/frca\/#\/schema\/logo\/image\/\"},\"sameAs\":[\"https:\/\/www.facebook.com\/bionicdogtoys\",\"https:\/\/x.com\/BionicDogToys\",\"https:\/\/www.youtube.com\/@bionicdogtoys\",\"https:\/\/www.instagram.com\/bionicdogtoys\"]}]}<\/script>\n<!-- \/ Yoast SEO plugin. -->","yoast_head_json":{"title":"ANNEAU TOSS-N-TUG Jouet pour chien durable | Jouet \u00e0 m\u00e2cher r\u00e9sistant et s\u00e9curitaire | BIONIC\u00ae","description":"Le ANNEAU TOSS-N-TUG est un jouet pour chien r\u00e9sistant, con\u00e7u pour les chiens qui aiment m\u00e2cher. Fabriqu\u00e9 en caoutchouc BIONIC Rubber\u00ae, il est non toxique, lavable au lave-vaisselle et durable.","robots":{"index":"index","follow":"follow","max-snippet":"max-snippet:-1","max-image-preview":"max-image-preview:large","max-video-preview":"max-video-preview:-1"},"canonical":"https:\/\/www.bionicdogtoys.com\/frca\/product\/anneau-toss-n-tug\/","og_locale":"fr_CA","og_type":"article","og_title":"ANNEAU TOSS-N-TUG Jouet pour chien durable | Jouet \u00e0 m\u00e2cher r\u00e9sistant et s\u00e9curitaire | BIONIC\u00ae","og_description":"Le ANNEAU TOSS-N-TUG est un jouet pour chien r\u00e9sistant, con\u00e7u pour les chiens qui aiment m\u00e2cher. Fabriqu\u00e9 en caoutchouc BIONIC Rubber\u00ae, il est non toxique, lavable au lave-vaisselle et durable.","og_url":"https:\/\/www.bionicdogtoys.com\/frca\/product\/anneau-toss-n-tug\/","og_site_name":"BIONIC\u00ae Dog Toys","article_publisher":"https:\/\/www.facebook.com\/bionicdogtoys","article_modified_time":"2025-12-22T12:15:39+00:00","og_image":[{"width":800,"height":800,"url":"https:\/\/www.bionicdogtoys.com\/wp-content\/uploads\/2024\/06\/Toss-N-tug-front_97810-4.jpg","type":"image\/jpeg"}],"twitter_card":"summary_large_image","twitter_site":"@BionicDogToys","twitter_misc":{"Estimation du temps de lecture":"3 minutes"},"schema":{"@context":"https:\/\/schema.org","@graph":[{"@type":"WebPage","@id":"https:\/\/www.bionicdogtoys.com\/frca\/product\/anneau-toss-n-tug\/","url":"https:\/\/www.bionicdogtoys.com\/frca\/product\/anneau-toss-n-tug\/","name":"ANNEAU TOSS-N-TUG Jouet pour chien durable | Jouet \u00e0 m\u00e2cher r\u00e9sistant et s\u00e9curitaire | BIONIC\u00ae","isPartOf":{"@id":"https:\/\/www.bionicdogtoys.com\/frca\/#website"},"primaryImageOfPage":{"@id":"https:\/\/www.bionicdogtoys.com\/frca\/product\/anneau-toss-n-tug\/#primaryimage"},"image":{"@id":"https:\/\/www.bionicdogtoys.com\/frca\/product\/anneau-toss-n-tug\/#primaryimage"},"thumbnailUrl":"https:\/\/www.bionicdogtoys.com\/wp-content\/uploads\/2024\/06\/Toss-N-tug-front_97810-4.jpg","datePublished":"2023-07-21T18:00:08+00:00","dateModified":"2025-12-22T12:15:39+00:00","description":"Le ANNEAU TOSS-N-TUG est un jouet pour chien r\u00e9sistant, con\u00e7u pour les chiens qui aiment m\u00e2cher. Fabriqu\u00e9 en caoutchouc BIONIC Rubber\u00ae, il est non toxique, lavable au lave-vaisselle et durable.","breadcrumb":{"@id":"https:\/\/www.bionicdogtoys.com\/frca\/product\/anneau-toss-n-tug\/#breadcrumb"},"inLanguage":"fr-CA","potentialAction":[{"@type":"ReadAction","target":["https:\/\/www.bionicdogtoys.com\/frca\/product\/anneau-toss-n-tug\/"]}]},{"@type":"ImageObject","inLanguage":"fr-CA","@id":"https:\/\/www.bionicdogtoys.com\/frca\/product\/anneau-toss-n-tug\/#primaryimage","url":"https:\/\/www.bionicdogtoys.com\/wp-content\/uploads\/2024\/06\/Toss-N-tug-front_97810-4.jpg","contentUrl":"https:\/\/www.bionicdogtoys.com\/wp-content\/uploads\/2024\/06\/Toss-N-tug-front_97810-4.jpg","width":800,"height":800},{"@type":"BreadcrumbList","@id":"https:\/\/www.bionicdogtoys.com\/frca\/product\/anneau-toss-n-tug\/#breadcrumb","itemListElement":[{"@type":"ListItem","position":1,"name":"Home","item":"https:\/\/www.bionicdogtoys.com\/frca\/"},{"@type":"ListItem","position":2,"name":"Test Shop","item":"https:\/\/www.bionicdogtoys.com\/test-shop\/"},{"@type":"ListItem","position":3,"name":"ANNEAU TOSS-N-TUG"}]},{"@type":"WebSite","@id":"https:\/\/www.bionicdogtoys.com\/frca\/#website","url":"https:\/\/www.bionicdogtoys.com\/frca\/","name":"BIONIC\u00ae Dog Toys","description":"Shop dog toys, chew toys, durable dog toys | San Diego","publisher":{"@id":"https:\/\/www.bionicdogtoys.com\/frca\/#organization"},"potentialAction":[{"@type":"SearchAction","target":{"@type":"EntryPoint","urlTemplate":"https:\/\/www.bionicdogtoys.com\/frca\/?s={search_term_string}"},"query-input":{"@type":"PropertyValueSpecification","valueRequired":true,"valueName":"search_term_string"}}],"inLanguage":"fr-CA"},{"@type":"Organization","@id":"https:\/\/www.bionicdogtoys.com\/frca\/#organization","name":"BIONIC\u00ae Dog Toys","url":"https:\/\/www.bionicdogtoys.com\/frca\/","logo":{"@type":"ImageObject","inLanguage":"fr-CA","@id":"https:\/\/www.bionicdogtoys.com\/frca\/#\/schema\/logo\/image\/","url":"https:\/\/www.bionicdogtoys.com\/wp-content\/uploads\/2023\/07\/bionic-logo.svg","contentUrl":"https:\/\/www.bionicdogtoys.com\/wp-content\/uploads\/2023\/07\/bionic-logo.svg","caption":"BIONIC\u00ae Dog Toys"},"image":{"@id":"https:\/\/www.bionicdogtoys.com\/frca\/#\/schema\/logo\/image\/"},"sameAs":["https:\/\/www.facebook.com\/bionicdogtoys","https:\/\/x.com\/BionicDogToys","https:\/\/www.youtube.com\/@bionicdogtoys","https:\/\/www.instagram.com\/bionicdogtoys"]}]}},"_links":{"self":[{"href":"https:\/\/www.bionicdogtoys.com\/frca\/wp-json\/wp\/v2\/product\/5561","targetHints":{"allow":["GET"]}}],"collection":[{"href":"https:\/\/www.bionicdogtoys.com\/frca\/wp-json\/wp\/v2\/product"}],"about":[{"href":"https:\/\/www.bionicdogtoys.com\/frca\/wp-json\/wp\/v2\/types\/product"}],"wp:featuredmedia":[{"embeddable":true,"href":"https:\/\/www.bionicdogtoys.com\/frca\/wp-json\/wp\/v2\/media\/5562"}],"wp:attachment":[{"href":"https:\/\/www.bionicdogtoys.com\/frca\/wp-json\/wp\/v2\/media?parent=5561"}],"wp:term":[{"taxonomy":"product_brand","embeddable":true,"href":"https:\/\/www.bionicdogtoys.com\/frca\/wp-json\/wp\/v2\/product_brand?post=5561"},{"taxonomy":"product_cat","embeddable":true,"href":"https:\/\/www.bionicdogtoys.com\/frca\/wp-json\/wp\/v2\/product_cat?post=5561"},{"taxonomy":"product_tag","embeddable":true,"href":"https:\/\/www.bionicdogtoys.com\/frca\/wp-json\/wp\/v2\/product_tag?post=5561"}],"curies":[{"name":"wp","href":"https:\/\/api.w.org\/{rel}","templated":true}]}}