{"id":2863,"date":"2023-07-21T18:00:08","date_gmt":"2023-07-21T18:00:08","guid":{"rendered":"https:\/\/www.bionicdogtoys.com\/product\/anneau-toss-n-tug\/"},"modified":"2025-12-22T12:33:23","modified_gmt":"2025-12-22T12:33:23","slug":"toss-n-tug","status":"publish","type":"product","link":"https:\/\/www.bionicdogtoys.com\/fr\/product\/toss-n-tug\/","title":{"rendered":"ANNEAU TOSS-N-TUG"},"content":{"rendered":"<p><img fetchpriority=\"high\" decoding=\"async\" class=\"wp-image-2307 alignleft\" src=\"https:\/\/www.bionicdogtoys.com\/wp-content\/uploads\/2023\/07\/bionic-toss-n-tug-2-300x273.jpg\" alt=\"\" width=\"440\" height=\"400\" srcset=\"https:\/\/www.bionicdogtoys.com\/wp-content\/uploads\/2023\/07\/bionic-toss-n-tug-2-300x273.jpg 300w, https:\/\/www.bionicdogtoys.com\/wp-content\/uploads\/2023\/07\/bionic-toss-n-tug-2-600x545.jpg 600w, https:\/\/www.bionicdogtoys.com\/wp-content\/uploads\/2023\/07\/bionic-toss-n-tug-2.jpg 734w\" sizes=\"(max-width: 440px) 100vw, 440px\" \/><\/p>\n<p><img decoding=\"async\" class=\"alignnone wp-image-2463\" src=\"https:\/\/www.bionicdogtoys.com\/wp-content\/uploads\/2023\/10\/material-use-icons-1.png\" alt=\"\" width=\"268\" height=\"92\" \/> <img decoding=\"async\" class=\"alignnone wp-image-3053\" src=\"https:\/\/www.bionicdogtoys.com\/wp-content\/uploads\/2023\/07\/material-safety-icons-23-v2-300x103.png\" alt=\"\" width=\"267\" height=\"92\" srcset=\"https:\/\/www.bionicdogtoys.com\/wp-content\/uploads\/2023\/07\/material-safety-icons-23-v2-300x103.png 300w, https:\/\/www.bionicdogtoys.com\/wp-content\/uploads\/2023\/07\/material-safety-icons-23-v2.png 320w\" sizes=\"(max-width: 267px) 100vw, 267px\" \/><\/p>\n<p><strong>BIONIC RUBBER<\/strong>: BIONIC products are made with highly durable and proprietary BIONIC Rubber and are designed, engineered and quality-assured in the USA. BIONIC RUBBER is formulated without stuff you don\u2019t want your dog chewing on like BPA, lead, and phthalates and is durability tested by an International Standard ISO\/IEC and NADCAP accredited USA laboratory.<\/p>\n<p><strong>MULTI-ACTION:<\/strong> BIONIC Toss-N-Tug is the ultimate multi-action dog toy! The Toss-N-Tug stands up to hours of tossing and tugging for more engagement. The popular Toss-N-Tug also rolls great for exhilarating high-speed ground chases for extra tail wagging fun. The Toss-N-Tug can roll, bounce and float, making it great for indoor, outdoor, or water play. <strong>EASY TO CLEAN:<\/strong> This is a dishwasher safe dog toy, just place it on the top rack of your dishwasher for quick and easy cleaning for healthy play. <strong>BIONIC TIP:<\/strong> The Toss-N-Tug is not a chew toy and is designed for flight and fetch play so \u2026 its really light weight. If you have a heavy chewer, please try our Urban Stick or Bone toys\u2014 both are thick and heavy with BIONIC patented defensive geometry developed to endure even the toughest playstyles.<\/p>\n<div dir=\"ltr\">\n<div class=\"input-box\" spellcheck=\"false\">\n<div id=\"waffle-rich-text-editor\" class=\"cell-input editable disabled-input\" dir=\"ltr\" tabindex=\"0\" role=\"combobox\" contenteditable=\"false\" aria-autocomplete=\"list\" aria-label=\"C122\">Always supervise your dog when using a toy of any kind. Inspect toys regularly for damage and remove and replace if broken, or if parts become separated, as serious injury may result. Intended for pets only.<\/div>\n<\/div>\n<\/div>\n<div><\/div>\n","protected":false},"excerpt":{"rendered":"<p>&nbsp;<\/p>\n<h5>Plus d\u2019une fa\u00e7on de jouer.<\/h5>\n<p>The BIONIC Toss-N-Tug\u00ae stands out as the ultimate multi-action dog toy, enduring hours of tossing and tugging while rolling great for exhilarating high-speed ground chases. This durable ring sports high-visibility BIONIC orange and floats in water for extra tail wagging fun.<\/p>\n<p>Taille unique.<\/p>\n<div dir=\"ltr\">\n<div class=\"input-box\" spellcheck=\"false\">\n<div id=\"waffle-rich-text-editor\" class=\"cell-input editable disabled-input\" dir=\"ltr\" tabindex=\"0\" role=\"combobox\" contenteditable=\"false\" aria-autocomplete=\"list\" aria-label=\"C116\">Art.: 97810<\/div>\n<\/div>\n<\/div>\n","protected":false},"featured_media":5484,"template":"","meta":{"inline_featured_image":false},"product_brand":[],"product_cat":[61],"product_tag":[],"class_list":{"0":"post-2863","1":"product","2":"type-product","3":"status-publish","4":"has-post-thumbnail","6":"product_cat-magasiner","8":"first","9":"instock","10":"sale","11":"shipping-taxable","12":"purchasable","13":"product-type-simple"},"yoast_head":"<!-- This site is optimized with the Yoast SEO plugin v27.0 - https:\/\/yoast.com\/product\/yoast-seo-wordpress\/ -->\n<title>ANNEAU TOSS-N-TUG Jouet pour chien durable | Jouet \u00e0 m\u00e2cher r\u00e9sistant et s\u00fbr | BIONIC\u00ae<\/title>\n<meta name=\"description\" content=\"Le ANNEAU TOSS-N-TUG est un jouet pour chien r\u00e9sistant, con\u00e7u pour les chiens qui aiment m\u00e2cher. Fabriqu\u00e9 en caoutchouc BIONIC Rubber\u00ae, il est non toxique, lavable au lave-vaisselle et durable.\" \/>\n<meta name=\"robots\" content=\"index, follow, max-snippet:-1, max-image-preview:large, max-video-preview:-1\" \/>\n<link rel=\"canonical\" href=\"https:\/\/www.bionicdogtoys.com\/fr\/product\/toss-n-tug\/\" \/>\n<meta property=\"og:locale\" content=\"fr_FR\" \/>\n<meta property=\"og:type\" content=\"article\" \/>\n<meta property=\"og:title\" content=\"ANNEAU TOSS-N-TUG Jouet pour chien durable | Jouet \u00e0 m\u00e2cher r\u00e9sistant et s\u00fbr | BIONIC\u00ae\" \/>\n<meta property=\"og:description\" content=\"Le ANNEAU TOSS-N-TUG est un jouet pour chien r\u00e9sistant, con\u00e7u pour les chiens qui aiment m\u00e2cher. Fabriqu\u00e9 en caoutchouc BIONIC Rubber\u00ae, il est non toxique, lavable au lave-vaisselle et durable.\" \/>\n<meta property=\"og:url\" content=\"https:\/\/www.bionicdogtoys.com\/fr\/product\/toss-n-tug\/\" \/>\n<meta property=\"og:site_name\" content=\"Jouets BIONICMD pour chiens\" \/>\n<meta property=\"article:publisher\" content=\"https:\/\/www.facebook.com\/bionicdogtoys\" \/>\n<meta property=\"article:modified_time\" content=\"2025-12-22T12:33:23+00:00\" \/>\n<meta property=\"og:image\" content=\"https:\/\/www.bionicdogtoys.com\/wp-content\/uploads\/2024\/06\/Toss-N-tug-front_97810-4.jpg\" \/>\n\t<meta property=\"og:image:width\" content=\"800\" \/>\n\t<meta property=\"og:image:height\" content=\"800\" \/>\n\t<meta property=\"og:image:type\" content=\"image\/jpeg\" \/>\n<meta name=\"twitter:card\" content=\"summary_large_image\" \/>\n<meta name=\"twitter:site\" content=\"@BionicDogToys\" \/>\n<meta name=\"twitter:label1\" content=\"Dur\u00e9e de lecture estim\u00e9e\" \/>\n\t<meta name=\"twitter:data1\" content=\"2 minutes\" \/>\n<script type=\"application\/ld+json\" class=\"yoast-schema-graph\">{\"@context\":\"https:\/\/schema.org\",\"@graph\":[{\"@type\":\"WebPage\",\"@id\":\"https:\/\/www.bionicdogtoys.com\/fr\/product\/toss-n-tug\/\",\"url\":\"https:\/\/www.bionicdogtoys.com\/fr\/product\/toss-n-tug\/\",\"name\":\"ANNEAU TOSS-N-TUG Jouet pour chien durable | Jouet \u00e0 m\u00e2cher r\u00e9sistant et s\u00fbr | BIONIC\u00ae\",\"isPartOf\":{\"@id\":\"https:\/\/www.bionicdogtoys.com\/fr\/#website\"},\"primaryImageOfPage\":{\"@id\":\"https:\/\/www.bionicdogtoys.com\/fr\/product\/toss-n-tug\/#primaryimage\"},\"image\":{\"@id\":\"https:\/\/www.bionicdogtoys.com\/fr\/product\/toss-n-tug\/#primaryimage\"},\"thumbnailUrl\":\"https:\/\/www.bionicdogtoys.com\/wp-content\/uploads\/2024\/06\/Toss-N-tug-front_97810-4.jpg\",\"datePublished\":\"2023-07-21T18:00:08+00:00\",\"dateModified\":\"2025-12-22T12:33:23+00:00\",\"description\":\"Le ANNEAU TOSS-N-TUG est un jouet pour chien r\u00e9sistant, con\u00e7u pour les chiens qui aiment m\u00e2cher. Fabriqu\u00e9 en caoutchouc BIONIC Rubber\u00ae, il est non toxique, lavable au lave-vaisselle et durable.\",\"breadcrumb\":{\"@id\":\"https:\/\/www.bionicdogtoys.com\/fr\/product\/toss-n-tug\/#breadcrumb\"},\"inLanguage\":\"fr-FR\",\"potentialAction\":[{\"@type\":\"ReadAction\",\"target\":[\"https:\/\/www.bionicdogtoys.com\/fr\/product\/toss-n-tug\/\"]}]},{\"@type\":\"ImageObject\",\"inLanguage\":\"fr-FR\",\"@id\":\"https:\/\/www.bionicdogtoys.com\/fr\/product\/toss-n-tug\/#primaryimage\",\"url\":\"https:\/\/www.bionicdogtoys.com\/wp-content\/uploads\/2024\/06\/Toss-N-tug-front_97810-4.jpg\",\"contentUrl\":\"https:\/\/www.bionicdogtoys.com\/wp-content\/uploads\/2024\/06\/Toss-N-tug-front_97810-4.jpg\",\"width\":800,\"height\":800},{\"@type\":\"BreadcrumbList\",\"@id\":\"https:\/\/www.bionicdogtoys.com\/fr\/product\/toss-n-tug\/#breadcrumb\",\"itemListElement\":[{\"@type\":\"ListItem\",\"position\":1,\"name\":\"Home\",\"item\":\"https:\/\/www.bionicdogtoys.com\/fr\/\"},{\"@type\":\"ListItem\",\"position\":2,\"name\":\"Test Shop\",\"item\":\"https:\/\/www.bionicdogtoys.com\/test-shop\/\"},{\"@type\":\"ListItem\",\"position\":3,\"name\":\"ANNEAU TOSS-N-TUG\"}]},{\"@type\":\"WebSite\",\"@id\":\"https:\/\/www.bionicdogtoys.com\/fr\/#website\",\"url\":\"https:\/\/www.bionicdogtoys.com\/fr\/\",\"name\":\"Jouets BIONICMD pour chiens\",\"description\":\"Shop dog toys, chew toys, durable dog toys | San Diego\",\"publisher\":{\"@id\":\"https:\/\/www.bionicdogtoys.com\/fr\/#organization\"},\"potentialAction\":[{\"@type\":\"SearchAction\",\"target\":{\"@type\":\"EntryPoint\",\"urlTemplate\":\"https:\/\/www.bionicdogtoys.com\/fr\/?s={search_term_string}\"},\"query-input\":{\"@type\":\"PropertyValueSpecification\",\"valueRequired\":true,\"valueName\":\"search_term_string\"}}],\"inLanguage\":\"fr-FR\"},{\"@type\":\"Organization\",\"@id\":\"https:\/\/www.bionicdogtoys.com\/fr\/#organization\",\"name\":\"Jouets BIONICMD pour chiens\",\"url\":\"https:\/\/www.bionicdogtoys.com\/fr\/\",\"logo\":{\"@type\":\"ImageObject\",\"inLanguage\":\"fr-FR\",\"@id\":\"https:\/\/www.bionicdogtoys.com\/fr\/#\/schema\/logo\/image\/\",\"url\":\"https:\/\/www.bionicdogtoys.com\/wp-content\/uploads\/2023\/07\/bionic-logo.svg\",\"contentUrl\":\"https:\/\/www.bionicdogtoys.com\/wp-content\/uploads\/2023\/07\/bionic-logo.svg\",\"caption\":\"Jouets BIONICMD pour chiens\"},\"image\":{\"@id\":\"https:\/\/www.bionicdogtoys.com\/fr\/#\/schema\/logo\/image\/\"},\"sameAs\":[\"https:\/\/www.facebook.com\/bionicdogtoys\",\"https:\/\/x.com\/BionicDogToys\",\"https:\/\/www.youtube.com\/@bionicdogtoys\",\"https:\/\/www.instagram.com\/bionicdogtoys\"]}]}<\/script>\n<!-- \/ Yoast SEO plugin. -->","yoast_head_json":{"title":"ANNEAU TOSS-N-TUG Jouet pour chien durable | Jouet \u00e0 m\u00e2cher r\u00e9sistant et s\u00fbr | BIONIC\u00ae","description":"Le ANNEAU TOSS-N-TUG est un jouet pour chien r\u00e9sistant, con\u00e7u pour les chiens qui aiment m\u00e2cher. Fabriqu\u00e9 en caoutchouc BIONIC Rubber\u00ae, il est non toxique, lavable au lave-vaisselle et durable.","robots":{"index":"index","follow":"follow","max-snippet":"max-snippet:-1","max-image-preview":"max-image-preview:large","max-video-preview":"max-video-preview:-1"},"canonical":"https:\/\/www.bionicdogtoys.com\/fr\/product\/toss-n-tug\/","og_locale":"fr_FR","og_type":"article","og_title":"ANNEAU TOSS-N-TUG Jouet pour chien durable | Jouet \u00e0 m\u00e2cher r\u00e9sistant et s\u00fbr | BIONIC\u00ae","og_description":"Le ANNEAU TOSS-N-TUG est un jouet pour chien r\u00e9sistant, con\u00e7u pour les chiens qui aiment m\u00e2cher. Fabriqu\u00e9 en caoutchouc BIONIC Rubber\u00ae, il est non toxique, lavable au lave-vaisselle et durable.","og_url":"https:\/\/www.bionicdogtoys.com\/fr\/product\/toss-n-tug\/","og_site_name":"Jouets BIONICMD pour chiens","article_publisher":"https:\/\/www.facebook.com\/bionicdogtoys","article_modified_time":"2025-12-22T12:33:23+00:00","og_image":[{"width":800,"height":800,"url":"https:\/\/www.bionicdogtoys.com\/wp-content\/uploads\/2024\/06\/Toss-N-tug-front_97810-4.jpg","type":"image\/jpeg"}],"twitter_card":"summary_large_image","twitter_site":"@BionicDogToys","twitter_misc":{"Dur\u00e9e de lecture estim\u00e9e":"2 minutes"},"schema":{"@context":"https:\/\/schema.org","@graph":[{"@type":"WebPage","@id":"https:\/\/www.bionicdogtoys.com\/fr\/product\/toss-n-tug\/","url":"https:\/\/www.bionicdogtoys.com\/fr\/product\/toss-n-tug\/","name":"ANNEAU TOSS-N-TUG Jouet pour chien durable | Jouet \u00e0 m\u00e2cher r\u00e9sistant et s\u00fbr | BIONIC\u00ae","isPartOf":{"@id":"https:\/\/www.bionicdogtoys.com\/fr\/#website"},"primaryImageOfPage":{"@id":"https:\/\/www.bionicdogtoys.com\/fr\/product\/toss-n-tug\/#primaryimage"},"image":{"@id":"https:\/\/www.bionicdogtoys.com\/fr\/product\/toss-n-tug\/#primaryimage"},"thumbnailUrl":"https:\/\/www.bionicdogtoys.com\/wp-content\/uploads\/2024\/06\/Toss-N-tug-front_97810-4.jpg","datePublished":"2023-07-21T18:00:08+00:00","dateModified":"2025-12-22T12:33:23+00:00","description":"Le ANNEAU TOSS-N-TUG est un jouet pour chien r\u00e9sistant, con\u00e7u pour les chiens qui aiment m\u00e2cher. Fabriqu\u00e9 en caoutchouc BIONIC Rubber\u00ae, il est non toxique, lavable au lave-vaisselle et durable.","breadcrumb":{"@id":"https:\/\/www.bionicdogtoys.com\/fr\/product\/toss-n-tug\/#breadcrumb"},"inLanguage":"fr-FR","potentialAction":[{"@type":"ReadAction","target":["https:\/\/www.bionicdogtoys.com\/fr\/product\/toss-n-tug\/"]}]},{"@type":"ImageObject","inLanguage":"fr-FR","@id":"https:\/\/www.bionicdogtoys.com\/fr\/product\/toss-n-tug\/#primaryimage","url":"https:\/\/www.bionicdogtoys.com\/wp-content\/uploads\/2024\/06\/Toss-N-tug-front_97810-4.jpg","contentUrl":"https:\/\/www.bionicdogtoys.com\/wp-content\/uploads\/2024\/06\/Toss-N-tug-front_97810-4.jpg","width":800,"height":800},{"@type":"BreadcrumbList","@id":"https:\/\/www.bionicdogtoys.com\/fr\/product\/toss-n-tug\/#breadcrumb","itemListElement":[{"@type":"ListItem","position":1,"name":"Home","item":"https:\/\/www.bionicdogtoys.com\/fr\/"},{"@type":"ListItem","position":2,"name":"Test Shop","item":"https:\/\/www.bionicdogtoys.com\/test-shop\/"},{"@type":"ListItem","position":3,"name":"ANNEAU TOSS-N-TUG"}]},{"@type":"WebSite","@id":"https:\/\/www.bionicdogtoys.com\/fr\/#website","url":"https:\/\/www.bionicdogtoys.com\/fr\/","name":"Jouets BIONICMD pour chiens","description":"Shop dog toys, chew toys, durable dog toys | San Diego","publisher":{"@id":"https:\/\/www.bionicdogtoys.com\/fr\/#organization"},"potentialAction":[{"@type":"SearchAction","target":{"@type":"EntryPoint","urlTemplate":"https:\/\/www.bionicdogtoys.com\/fr\/?s={search_term_string}"},"query-input":{"@type":"PropertyValueSpecification","valueRequired":true,"valueName":"search_term_string"}}],"inLanguage":"fr-FR"},{"@type":"Organization","@id":"https:\/\/www.bionicdogtoys.com\/fr\/#organization","name":"Jouets BIONICMD pour chiens","url":"https:\/\/www.bionicdogtoys.com\/fr\/","logo":{"@type":"ImageObject","inLanguage":"fr-FR","@id":"https:\/\/www.bionicdogtoys.com\/fr\/#\/schema\/logo\/image\/","url":"https:\/\/www.bionicdogtoys.com\/wp-content\/uploads\/2023\/07\/bionic-logo.svg","contentUrl":"https:\/\/www.bionicdogtoys.com\/wp-content\/uploads\/2023\/07\/bionic-logo.svg","caption":"Jouets BIONICMD pour chiens"},"image":{"@id":"https:\/\/www.bionicdogtoys.com\/fr\/#\/schema\/logo\/image\/"},"sameAs":["https:\/\/www.facebook.com\/bionicdogtoys","https:\/\/x.com\/BionicDogToys","https:\/\/www.youtube.com\/@bionicdogtoys","https:\/\/www.instagram.com\/bionicdogtoys"]}]}},"_links":{"self":[{"href":"https:\/\/www.bionicdogtoys.com\/fr\/wp-json\/wp\/v2\/product\/2863","targetHints":{"allow":["GET"]}}],"collection":[{"href":"https:\/\/www.bionicdogtoys.com\/fr\/wp-json\/wp\/v2\/product"}],"about":[{"href":"https:\/\/www.bionicdogtoys.com\/fr\/wp-json\/wp\/v2\/types\/product"}],"wp:featuredmedia":[{"embeddable":true,"href":"https:\/\/www.bionicdogtoys.com\/fr\/wp-json\/wp\/v2\/media\/5484"}],"wp:attachment":[{"href":"https:\/\/www.bionicdogtoys.com\/fr\/wp-json\/wp\/v2\/media?parent=2863"}],"wp:term":[{"taxonomy":"product_brand","embeddable":true,"href":"https:\/\/www.bionicdogtoys.com\/fr\/wp-json\/wp\/v2\/product_brand?post=2863"},{"taxonomy":"product_cat","embeddable":true,"href":"https:\/\/www.bionicdogtoys.com\/fr\/wp-json\/wp\/v2\/product_cat?post=2863"},{"taxonomy":"product_tag","embeddable":true,"href":"https:\/\/www.bionicdogtoys.com\/fr\/wp-json\/wp\/v2\/product_tag?post=2863"}],"curies":[{"name":"wp","href":"https:\/\/api.w.org\/{rel}","templated":true}]}}